{"id":79,"date":"2025-12-27T13:18:17","date_gmt":"2025-12-27T13:18:17","guid":{"rendered":"https:\/\/lmservice81.fr\/index.php\/presentation\/"},"modified":"2026-03-26T13:30:00","modified_gmt":"2026-03-26T13:30:00","slug":"presentation","status":"publish","type":"page","link":"https:\/\/lmservice81.fr\/index.php\/presentation\/","title":{"rendered":""},"content":{"rendered":"\n<div class=\"wp-block-cover\" style=\"border-top-left-radius:20px;border-top-right-radius:20px;border-bottom-left-radius:20px;border-bottom-right-radius:20px;min-height:67px;aspect-ratio:unset;\"><span aria-hidden=\"true\" class=\"wp-block-cover__background has-custom-color-2-background-color has-background-dim-100 has-background-dim\"><\/span><div class=\"wp-block-cover__inner-container has-global-padding is-layout-constrained wp-block-cover-is-layout-constrained\">\n<p class=\"has-text-align-center has-custom-color-1-color has-text-color has-link-color has-large-font-size wp-elements-c4d0db849b85544358a5adccaeecb811\"><strong><strong>Bienvenue chez LM Service !<\/strong><\/strong><\/p>\n<\/div><\/div>\n\n\n\n<h2 class=\"wp-block-heading has-text-align-center has-medium-font-size\"><strong>Siret : 93997867200011<\/strong><\/h2>\n\n\n\n<p class=\"has-system-sans-serif-font-family\" style=\"font-size:clamp(14px, 0.875rem + ((1vw - 3.2px) * 0.313), 17px);\">Je m\u2019appelle <strong>Mougel Lyris<\/strong> et je suis <strong>titulaire d\u2019un BTS en \u00e9lectricit\u00e9<\/strong> et en domotique.<\/p>\n\n\n\n<p class=\"has-system-sans-serif-font-family\" style=\"font-size:clamp(14px, 0.875rem + ((1vw - 3.2px) * 0.313), 17px);\">Depuis toujours, j\u2019ai aim\u00e9 aider mon entourage \u00e0 r\u00e9soudre les petits probl\u00e8mes du quotidien \u00e0 la maison, que ce soit en \u00e9lectricit\u00e9, plomberie, montage de meubles ou petits travaux divers.<\/p>\n\n\n\n<p class=\"has-system-sans-serif-font-family\" style=\"font-size:clamp(14px, 0.875rem + ((1vw - 3.2px) * 0.313), 17px);\">C\u2019est de cette passion qu\u2019est n\u00e9e mon activit\u00e9 : <strong>mettre mes comp\u00e9tences et ma polyvalence au service des particuliers et des professionnels dans le Tarn, principalement dans le Tarn autour de Rabastens, Gaillac et Albi<\/strong>.<\/p>\n\n\n\n<div style=\"height:5px\" aria-hidden=\"true\" class=\"wp-block-spacer\"><\/div>\n\n\n\n<div class=\"wp-block-cover is-light has-custom-color-2-color has-text-color has-link-color wp-elements-bdf05a1b1d7265e7ec9fc5e54b6f8fd8\" style=\"border-top-left-radius:40px;border-top-right-radius:40px;border-bottom-left-radius:40px;border-bottom-right-radius:40px;margin-top:var(--wp--preset--spacing--20);margin-bottom:var(--wp--preset--spacing--20);padding-top:var(--wp--preset--spacing--10);padding-right:var(--wp--preset--spacing--40);padding-bottom:var(--wp--preset--spacing--10);padding-left:var(--wp--preset--spacing--40);min-height:76px;aspect-ratio:unset;\"><span aria-hidden=\"true\" class=\"wp-block-cover__background has-custom-color-1-background-color has-background-dim\"><\/span><div class=\"wp-block-cover__inner-container has-global-padding is-layout-constrained wp-container-core-cover-is-layout-e603c309 wp-block-cover-is-layout-constrained\">\n<h2 class=\"wp-block-heading has-text-align-center\" style=\"font-size:clamp(0.929rem, 0.929rem + ((1vw - 0.2rem) * 0.785), 1.4rem);font-style:normal;font-weight:700\">Me contacter :<\/h2>\n\n\n\n<p class=\"has-custom-color-2-color has-text-color has-link-color has-system-sans-serif-font-family wp-elements-1e5ab06c83e93f22dd2a61fce0d493fa\" style=\"font-size:clamp(14px, 0.875rem + ((1vw - 3.2px) * 0.104), 15px);\"><strong>T\u00e9l\u00e9phone :<\/strong> <a href=\"tel:+33614334714\" target=\"_blank\" rel=\"noreferrer noopener\">06 14 33 47 14<\/a> (appel ou SMS)<\/p>\n\n\n\n<p class=\"has-system-sans-serif-font-family\" style=\"font-size:clamp(14px, 0.875rem + ((1vw - 3.2px) * 0.104), 15px);\"><strong>Email :<\/strong> <a href=\"mailto:contact@lmservice81.fr\" target=\"_blank\" rel=\"noreferrer noopener\">contact@lmservice81.fr<\/a><\/p>\n\n\n\n<div style=\"height:2px\" aria-hidden=\"true\" class=\"wp-block-spacer\"><\/div>\n<\/div><\/div>\n\n\n\n<hr class=\"wp-block-separator has-alpha-channel-opacity\"\/>\n\n\n\n<div style=\"height:5px\" aria-hidden=\"true\" class=\"wp-block-spacer\"><\/div>\n\n\n\n<h3 class=\"wp-block-heading has-text-align-center has-josefin-sans-font-family has-large-font-size\"><strong>Ma mission<\/strong><\/h3>\n\n\n\n<p class=\"has-system-sans-serif-font-family\" style=\"font-size:clamp(14px, 0.875rem + ((1vw - 3.2px) * 0.313), 17px);\">Fournir un service <strong>rapide, fiable et pratique<\/strong> pour toutes les petites interventions du quotidien, afin de vous simplifier la vie. Que ce soit pour :<\/p>\n\n\n\n<ul style=\"font-size:clamp(14px, 0.875rem + ((1vw - 3.2px) * 0.313), 17px);\" class=\"wp-block-list has-system-sans-serif-font-family\">\n<li>Des <strong>petits travaux \u00e9lectriques ou de plomberie<\/strong><\/li>\n\n\n\n<li>Le <strong>montage de meubles et l\u2019agencement int\u00e9rieur<\/strong><\/li>\n\n\n\n<li>L\u2019<strong>entretien l\u00e9ger int\u00e9rieur et ext\u00e9rieur<\/strong><\/li>\n\n\n\n<li>L\u2019<strong>assistance ponctuelle pour vos besoins pratiques<\/strong><\/li>\n<\/ul>\n\n\n\n<p class=\"has-system-sans-serif-font-family\" style=\"font-size:clamp(14px, 0.875rem + ((1vw - 3.2px) * 0.313), 17px);\">Je souhaite avant tout que mes clients <strong>gagnent du temps et de la s\u00e9r\u00e9nit\u00e9<\/strong>, avec des interventions claires et adapt\u00e9es \u00e0 chaque situation.<\/p>\n\n\n\n<div style=\"height:5px\" aria-hidden=\"true\" class=\"wp-block-spacer\"><\/div>\n\n\n\n<hr class=\"wp-block-separator has-alpha-channel-opacity\"\/>\n\n\n\n<div style=\"height:5px\" aria-hidden=\"true\" class=\"wp-block-spacer\"><\/div>\n\n\n\n<h3 class=\"wp-block-heading has-text-align-center has-josefin-sans-font-family has-large-font-size\"><strong>Ma valeur ajout\u00e9e<\/strong><\/h3>\n\n\n\n<ul class=\"wp-block-list\">\n<li class=\"has-system-sans-serif-font-family\" style=\"font-size:clamp(14px, 0.875rem + ((1vw - 3.2px) * 0.313), 17px);\"><strong>Polyvalence :<\/strong> un artisan multi-services capable de r\u00e9pondre \u00e0 de nombreux besoins du quotidien.<\/li>\n\n\n\n<li class=\"has-system-sans-serif-font-family\" style=\"font-size:clamp(14px, 0.875rem + ((1vw - 3.2px) * 0.313), 17px);\"><strong>Disponibilit\u00e9 :<\/strong> intervention rapide autour de <strong>Rabastens<\/strong>, <strong>Gaillac<\/strong>, <strong>Albi<\/strong> et dans le <strong>Tarn<\/strong>, pour r\u00e9pondre \u00e0 vos urgences ou demandes ponctuelles.<\/li>\n\n\n\n<li class=\"has-system-sans-serif-font-family\" style=\"font-size:clamp(14px, 0.875rem + ((1vw - 3.2px) * 0.313), 17px);\"><strong>Transparence :<\/strong> des prestations d\u00e9taill\u00e9es et des tarifs clairs, sans surprise.<\/li>\n\n\n\n<li class=\"has-system-sans-serif-font-family\" style=\"font-size:clamp(14px, 0.875rem + ((1vw - 3.2px) * 0.313), 17px);\"><strong>Proximit\u00e9 :<\/strong> un service humain et accessible, centr\u00e9 sur vos besoins.<\/li>\n<\/ul>\n\n\n\n<div style=\"height:5px\" aria-hidden=\"true\" class=\"wp-block-spacer\"><\/div>\n\n\n\n<hr class=\"wp-block-separator has-alpha-channel-opacity\"\/>\n\n\n\n<div style=\"height:5px\" aria-hidden=\"true\" class=\"wp-block-spacer\"><\/div>\n\n\n\n<h3 class=\"wp-block-heading has-text-align-center has-josefin-sans-font-family has-large-font-size\"><strong>Pourquoi choisir LM Service ?<\/strong><\/h3>\n\n\n\n<p class=\"has-system-sans-serif-font-family\" style=\"font-size:clamp(14px, 0.875rem + ((1vw - 3.2px) * 0.313), 17px);\">Que vous soyez <strong>un particulier, un senior ou un professionnel<\/strong>, <strong>LM Service<\/strong> vous accompagne pour vos besoins quotidiens dans le Tarn, en vous \u00e9vitant les tracas et en garantissant des prestations fiables, efficaces et simples !<\/p>\n\n\n\n<div style=\"height:5px\" aria-hidden=\"true\" class=\"wp-block-spacer\"><\/div>\n\n\n\n<hr class=\"wp-block-separator has-alpha-channel-opacity\"\/>\n\n\n\n<div style=\"height:5px\" aria-hidden=\"true\" class=\"wp-block-spacer\"><\/div>\n\n\n\n<h3 class=\"wp-block-heading has-text-align-center has-josefin-sans-font-family has-large-font-size\"><strong>D\u00e9couvrir mes services<\/strong><\/h3>\n\n\n\n<p class=\"has-system-sans-serif-font-family\" style=\"font-size:clamp(14px, 0.875rem + ((1vw - 3.2px) * 0.313), 17px);\">Pour voir l\u2019ensemble de mes prestations et choisir celle qui correspond \u00e0 vos besoins, rendez-vous sur la page <strong><a href=\"https:\/\/lmservice81.fr\/index.php\/mes-prestations\/\" data-type=\"page\" data-id=\"78\">Mes prestations<\/a><\/strong>, avec toutes les cat\u00e9gories d\u00e9taill\u00e9es et leurs options.<\/p>\n\n\n\n<div style=\"height:105px\" aria-hidden=\"true\" class=\"wp-block-spacer\"><\/div>\n","protected":false},"excerpt":{"rendered":"<p>Siret : 93997867200011 Je m\u2019appelle Mougel Lyris et je suis titulaire d\u2019un BTS en \u00e9lectricit\u00e9 et en domotique. Depuis toujours, j\u2019ai aim\u00e9 aider mon entourage \u00e0 r\u00e9soudre les petits probl\u00e8mes du quotidien \u00e0 la maison, que ce soit en \u00e9lectricit\u00e9, plomberie, montage de meubles ou petits travaux divers. C\u2019est de cette passion qu\u2019est n\u00e9e mon [&hellip;]<\/p>\n","protected":false},"author":1,"featured_media":0,"parent":0,"menu_order":0,"comment_status":"closed","ping_status":"closed","template":"","meta":{"footnotes":""},"class_list":["post-79","page","type-page","status-publish","hentry"],"_links":{"self":[{"href":"https:\/\/lmservice81.fr\/index.php\/wp-json\/wp\/v2\/pages\/79","targetHints":{"allow":["GET"]}}],"collection":[{"href":"https:\/\/lmservice81.fr\/index.php\/wp-json\/wp\/v2\/pages"}],"about":[{"href":"https:\/\/lmservice81.fr\/index.php\/wp-json\/wp\/v2\/types\/page"}],"author":[{"embeddable":true,"href":"https:\/\/lmservice81.fr\/index.php\/wp-json\/wp\/v2\/users\/1"}],"replies":[{"embeddable":true,"href":"https:\/\/lmservice81.fr\/index.php\/wp-json\/wp\/v2\/comments?post=79"}],"version-history":[{"count":24,"href":"https:\/\/lmservice81.fr\/index.php\/wp-json\/wp\/v2\/pages\/79\/revisions"}],"predecessor-version":[{"id":410,"href":"https:\/\/lmservice81.fr\/index.php\/wp-json\/wp\/v2\/pages\/79\/revisions\/410"}],"wp:attachment":[{"href":"https:\/\/lmservice81.fr\/index.php\/wp-json\/wp\/v2\/media?parent=79"}],"curies":[{"name":"wp","href":"https:\/\/api.w.org\/{rel}","templated":true}]}}